{"id":104,"date":"2025-02-24T22:27:16","date_gmt":"2025-02-24T22:27:16","guid":{"rendered":"https:\/\/oypsrl.com.ar\/contact\/"},"modified":"2025-09-17T12:28:34","modified_gmt":"2025-09-17T15:28:34","slug":"contact","status":"publish","type":"page","link":"https:\/\/oypsrl.com.ar\/web\/contact\/","title":{"rendered":"Contact"},"content":{"rendered":"\n<div class=\"wp-block-uagb-container uagb-block-90030810 alignfull uagb-is-root-container\"><div class=\"uagb-container-inner-blocks-wrap\">\n<div class=\"wp-block-uagb-advanced-heading uagb-block-eb69cfac\"><h1 class=\"uagb-heading-text\">Cont\u00e1ctanos Hoy<\/h1><\/div>\n<\/div><\/div>\n\n\n\n<div class=\"wp-block-uagb-container uagb-block-3ee15f81 alignfull uagb-is-root-container\"><div class=\"uagb-container-inner-blocks-wrap\">\n<div class=\"wp-block-uagb-container uagb-block-d709bfe3\">\n<div class=\"wp-block-uagb-advanced-heading uagb-block-5f3a11bd\"><h2 class=\"uagb-heading-text\">Estamos Aqu\u00ed Para Ayudarte<\/h2><\/div>\n\n\n\n<div class=\"wp-block-uagb-advanced-heading uagb-block-1cd98849\"><p class=\"uagb-desc-text\">No dudes en escribirnos. Te responderemos pronto con la mejor asesor\u00eda.<\/p><\/div>\n<\/div>\n\n\n\n<div class=\"wp-block-uagb-container uagb-block-89153da7 default uagb-is-root-container\">\n<figure class=\"wp-block-image aligncenter size-full is-resized\"><img loading=\"lazy\" decoding=\"async\" width=\"512\" height=\"512\" src=\"https:\/\/oypsrl.com.ar\/wp-content\/uploads\/2025\/02\/cropped-244223088_6545878018757440_7537075401356505364_n.jpg\" alt=\"\" class=\"wp-image-769\" style=\"width:515px;height:auto\" srcset=\"https:\/\/oypsrl.com.ar\/wp-content\/uploads\/2025\/02\/cropped-244223088_6545878018757440_7537075401356505364_n.jpg 512w, https:\/\/oypsrl.com.ar\/wp-content\/uploads\/2025\/02\/cropped-244223088_6545878018757440_7537075401356505364_n-300x300.jpg 300w, https:\/\/oypsrl.com.ar\/wp-content\/uploads\/2025\/02\/cropped-244223088_6545878018757440_7537075401356505364_n-150x150.jpg 150w, https:\/\/oypsrl.com.ar\/wp-content\/uploads\/2025\/02\/cropped-244223088_6545878018757440_7537075401356505364_n-270x270.jpg 270w, https:\/\/oypsrl.com.ar\/wp-content\/uploads\/2025\/02\/cropped-244223088_6545878018757440_7537075401356505364_n-192x192.jpg 192w, https:\/\/oypsrl.com.ar\/wp-content\/uploads\/2025\/02\/cropped-244223088_6545878018757440_7537075401356505364_n-180x180.jpg 180w, https:\/\/oypsrl.com.ar\/wp-content\/uploads\/2025\/02\/cropped-244223088_6545878018757440_7537075401356505364_n-32x32.jpg 32w\" sizes=\"auto, (max-width: 512px) 100vw, 512px\" \/><\/figure>\n\n\n\n<details class=\"wp-block-details has-medium-font-size is-layout-flow wp-container-core-details-is-layout-f5bb311e wp-block-details-is-layout-flow\" open><summary>Direcci\u00f3n:<br>Ameghino 1767, S2001BCR Rosario, Santa Fe<br><br>Tel\u00e9fono:<br>+54 0341 3385756<br>Correo electr\u00f3nico:<br><a href=\"mailto:oypsrlrosario@gmail.com\">oypsrlrosario@gmail.com<\/a><br>S\u00edguenos:<\/summary>\n<div class=\"wp-block-group is-content-justification-space-between is-nowrap is-layout-flex wp-container-core-group-is-layout-cb46ffcb wp-block-group-is-layout-flex\">\n<div class=\"wp-block-uagb-container uagb-block-6b0d7834\">\n<div class=\"wp-block-uagb-icon-list uagb-block-b5930c17\"><div class=\"uagb-icon-list__wrap\">\n<div class=\"wp-block-uagb-icon-list-child uagb-block-8e230a08\"><a target=\"_blank\" aria-label=\"List item\" rel=\"noopener noreferrer\" href=\"https:\/\/www.facebook.com\/bombillas.oyp\"> <\/a><span class=\"uagb-icon-list__source-wrap\"><svg xmlns=\"https:\/\/www.w3.org\/2000\/svg\" viewBox=\"0 0 512 512\"><path d=\"M504 256C504 119 393 8 256 8S8 119 8 256c0 123.8 90.69 226.4 209.3 245V327.7h-63V256h63v-54.64c0-62.15 37-96.48 93.67-96.48 27.14 0 55.52 4.84 55.52 4.84v61h-31.28c-30.8 0-40.41 19.12-40.41 38.73V256h68.78l-11 71.69h-57.78V501C413.3 482.4 504 379.8 504 256z\"><\/path><\/svg><\/span><\/div>\n<\/div><\/div>\n<\/div>\n\n\n\n<p><\/p>\n<\/div>\n<\/details>\n<\/div>\n<\/div><\/div>\n\n\n\n<div class=\"wp-block-uagb-container uagb-block-a8023e04 alignfull uagb-is-root-container\"><div class=\"uagb-container-inner-blocks-wrap\">\n<div class=\"wp-block-uagb-info-box uagb-block-51faea92 uagb-infobox__content-wrap  uagb-infobox-icon-above-title uagb-infobox-image-valign-top\"><div class=\"uagb-ifb-content\"><div class=\"uagb-ifb-title-wrap\"><h2 class=\"uagb-ifb-title\">Cont\u00e1ctanos Hoy<\/h2><\/div><p class=\"uagb-ifb-desc\">Si tienes preguntas o necesitas asesoramiento sobre nuestros productos, no dudes en comunicarte. Estamos aqu\u00ed para ayudarte.<\/p><div class=\"uagb-ifb-button-wrapper wp-block-button\"><a href=\"\/contact\/\" class=\"uagb-infobox-cta-link wp-block-button__link\" target=\"_self\" rel=\"noopener noreferrer\" onclick=\"return true;\"><span class=\"uagb-inline-editing\">cont\u00e1ctanos<\/span><\/a><\/div><\/div><\/div>\n<\/div><\/div>\n","protected":false},"excerpt":{"rendered":"<p>Cont\u00e1ctanos Hoy Estamos Aqu\u00ed Para Ayudarte No dudes en escribirnos. Te responderemos pronto con la mejor asesor\u00eda.<\/p>\n","protected":false},"author":1,"featured_media":0,"parent":0,"menu_order":0,"comment_status":"closed","ping_status":"closed","template":"","meta":{"_uag_custom_page_level_css":"","site-sidebar-layout":"no-sidebar","site-content-layout":"","ast-site-content-layout":"normal-width-container","site-content-style":"default","site-sidebar-style":"default","ast-global-header-display":"","ast-banner-title-visibility":"disabled","ast-main-header-display":"","ast-hfb-above-header-display":"","ast-hfb-below-header-display":"","ast-hfb-mobile-header-display":"","site-post-title":"","ast-breadcrumbs-content":"","ast-featured-img":"","footer-sml-layout":"","theme-transparent-header-meta":"enabled","adv-header-id-meta":"","stick-header-meta":"","header-above-stick-meta":"","header-main-stick-meta":"","header-below-stick-meta":"","astra-migrate-meta-layouts":"default","ast-page-background-enabled":"default","ast-page-background-meta":{"desktop":{"background-color":"var(--ast-global-color-4)","background-image":"","background-repeat":"repeat","background-position":"center center","background-size":"auto","background-attachment":"scroll","background-type":"","background-media":"","overlay-type":"","overlay-color":"","overlay-opacity":"","overlay-gradient":""},"tablet":{"background-color":"","background-image":"","background-repeat":"repeat","background-position":"center center","background-size":"auto","background-attachment":"scroll","background-type":"","background-media":"","overlay-type":"","overlay-color":"","overlay-opacity":"","overlay-gradient":""},"mobile":{"background-color":"","background-image":"","background-repeat":"repeat","background-position":"center center","background-size":"auto","background-attachment":"scroll","background-type":"","background-media":"","overlay-type":"","overlay-color":"","overlay-opacity":"","overlay-gradient":""}},"ast-content-background-meta":{"desktop":{"background-color":"var(--ast-global-color-5)","background-image":"","background-repeat":"repeat","background-position":"center center","background-size":"auto","background-attachment":"scroll","background-type":"","background-media":"","overlay-type":"","overlay-color":"","overlay-opacity":"","overlay-gradient":""},"tablet":{"background-color":"var(--ast-global-color-5)","background-image":"","background-repeat":"repeat","background-position":"center center","background-size":"auto","background-attachment":"scroll","background-type":"","background-media":"","overlay-type":"","overlay-color":"","overlay-opacity":"","overlay-gradient":""},"mobile":{"background-color":"var(--ast-global-color-5)","background-image":"","background-repeat":"repeat","background-position":"center center","background-size":"auto","background-attachment":"scroll","background-type":"","background-media":"","overlay-type":"","overlay-color":"","overlay-opacity":"","overlay-gradient":""}},"footnotes":""},"class_list":["post-104","page","type-page","status-publish","hentry"],"uagb_featured_image_src":{"full":false,"thumbnail":false,"medium":false,"medium_large":false,"large":false,"1536x1536":false,"2048x2048":false},"uagb_author_info":{"display_name":"roldanwifi","author_link":"https:\/\/oypsrl.com.ar\/web\/author\/roldanwifi\/"},"uagb_comment_info":0,"uagb_excerpt":"Cont\u00e1ctanos Hoy Estamos Aqu\u00ed Para Ayudarte No dudes en escribirnos. Te responderemos pronto con la mejor asesor\u00eda.","_links":{"self":[{"href":"https:\/\/oypsrl.com.ar\/web\/wp-json\/wp\/v2\/pages\/104","targetHints":{"allow":["GET"]}}],"collection":[{"href":"https:\/\/oypsrl.com.ar\/web\/wp-json\/wp\/v2\/pages"}],"about":[{"href":"https:\/\/oypsrl.com.ar\/web\/wp-json\/wp\/v2\/types\/page"}],"author":[{"embeddable":true,"href":"https:\/\/oypsrl.com.ar\/web\/wp-json\/wp\/v2\/users\/1"}],"replies":[{"embeddable":true,"href":"https:\/\/oypsrl.com.ar\/web\/wp-json\/wp\/v2\/comments?post=104"}],"version-history":[{"count":9,"href":"https:\/\/oypsrl.com.ar\/web\/wp-json\/wp\/v2\/pages\/104\/revisions"}],"predecessor-version":[{"id":803,"href":"https:\/\/oypsrl.com.ar\/web\/wp-json\/wp\/v2\/pages\/104\/revisions\/803"}],"wp:attachment":[{"href":"https:\/\/oypsrl.com.ar\/web\/wp-json\/wp\/v2\/media?parent=104"}],"curies":[{"name":"wp","href":"https:\/\/api.w.org\/{rel}","templated":true}]}}