{"id":102,"date":"2025-02-24T22:27:16","date_gmt":"2025-02-24T22:27:16","guid":{"rendered":"https:\/\/oypsrl.com.ar\/about\/"},"modified":"2025-03-14T10:46:27","modified_gmt":"2025-03-14T13:46:27","slug":"about","status":"publish","type":"page","link":"https:\/\/oypsrl.com.ar\/web\/about\/","title":{"rendered":"About"},"content":{"rendered":"\n<div class=\"wp-block-uagb-container uagb-block-90030810 alignfull uagb-is-root-container\"><div class=\"uagb-container-inner-blocks-wrap\">\n<div class=\"wp-block-uagb-advanced-heading uagb-block-eb69cfac\"><h1 class=\"uagb-heading-text\">Nuestra Historia<\/h1><\/div>\n<\/div><\/div>\n\n\n\n<div class=\"wp-block-uagb-container uagb-block-8595fcf5 alignfull uagb-is-root-container\"><div class=\"uagb-container-inner-blocks-wrap\">\n<div class=\"wp-block-uagb-advanced-heading uagb-block-a1318768\"><h2 class=\"uagb-heading-text\">Calidad y Dise\u00f1o \u00danico<\/h2><\/div>\n\n\n\n<div class=\"wp-block-uagb-container uagb-block-10015650 default uagb-is-root-container\">\n<div class=\"wp-block-uagb-container uagb-block-1e62bf29\">\n<div class=\"wp-block-uagb-image alignleft uagb-block-d89abefd wp-block-uagb-image--layout-default wp-block-uagb-image--effect-static wp-block-uagb-image--align-left\"><figure class=\"wp-block-uagb-image__figure\"><img decoding=\"async\" srcset=\"https:\/\/oypsrl.com.ar\/wp-content\/uploads\/2025\/02\/Stories_Bombillas_A03_1124-Grabado.png ,https:\/\/oypsrl.com.ar\/wp-content\/uploads\/2025\/02\/Stories_Bombillas_A03_1124-Grabado.png 780w, https:\/\/oypsrl.com.ar\/wp-content\/uploads\/2025\/02\/Stories_Bombillas_A03_1124-Grabado.png 360w\" sizes=\"auto, (max-width: 480px) 150px\" src=\"https:\/\/oypsrl.com.ar\/wp-content\/uploads\/2025\/02\/Stories_Bombillas_A03_1124-Grabado.png\" alt=\"\" class=\"uag-image-29\" width=\"360\" height=\"440\" title=\"\" loading=\"lazy\" role=\"img\"\/><\/figure><\/div>\n<\/div>\n\n\n\n<div class=\"wp-block-uagb-container uagb-block-0d580909\">\n<div class=\"wp-block-uagb-image alignright uagb-block-4099a102 wp-block-uagb-image--layout-default wp-block-uagb-image--effect-static wp-block-uagb-image--align-right\"><figure class=\"wp-block-uagb-image__figure\"><img decoding=\"async\" srcset=\"https:\/\/oypsrl.com.ar\/wp-content\/uploads\/2025\/02\/Stories_Bombillas_A03_1124.png ,https:\/\/oypsrl.com.ar\/wp-content\/uploads\/2025\/02\/Stories_Bombillas_A03_1124.png 780w, https:\/\/oypsrl.com.ar\/wp-content\/uploads\/2025\/02\/Stories_Bombillas_A03_1124.png 360w\" sizes=\"auto, (max-width: 480px) 150px\" src=\"https:\/\/oypsrl.com.ar\/wp-content\/uploads\/2025\/02\/Stories_Bombillas_A03_1124.png\" alt=\"\" class=\"uag-image-30\" width=\"800\" height=\"440\" title=\"\" loading=\"lazy\" role=\"img\"\/><\/figure><\/div>\n\n\n\n<div class=\"wp-block-uagb-advanced-heading uagb-block-ea0685d9\"><p class=\"uagb-heading-text\">Una visi\u00f3n innovadora y pasi\u00f3n por el dise\u00f1o, ha guiado a la empresa hacia la excelencia en cada producto que fabricamos.<\/p><p class=\"uagb-desc-text\">Con tantos a\u00f1os en la industria, en OyP SRL hemos perfeccionado el arte de fabricar bombillas de acero inoxidable. Nuestra experiencia nos permite ofrecer productos que se destacan por su funcionalidad y durabilidad, siempre adapt\u00e1ndonos a las necesidades de nuestros clientes.<\/p><\/div>\n<\/div>\n<\/div>\n<\/div><\/div>\n\n\n\n<div class=\"wp-block-uagb-container uagb-block-97da0e9c alignfull uagb-is-root-container\"><div class=\"uagb-container-inner-blocks-wrap\">\n<div class=\"wp-block-uagb-advanced-heading uagb-block-29d512d7\"><h2 class=\"uagb-heading-text\">Conocenos<\/h2><p class=\"uagb-desc-text\">Nuestra empresa familiar fundada en el a\u00f1o 1997 ha desarrollado un nuevo sistema de filtros para bombilla, el cual al ser efectivo de f\u00e1cil limpieza e higi\u00e9nico, evita la acumulaci\u00f3n de polvo y palos de la yerba mate, terminando as\u00ed con el problema de limpieza.<br>Creamos nuestros productos conservando las medidas y el dise\u00f1o de las primeras bombillas, destacando de ellas la esencia y tradici\u00f3n de las mismas, ya que el mercado y los tiempos la fueron cambiando.<br>Realizadas en acero inoxidable y otros materiales con un fino acabado en su terminaci\u00f3n con exhaustivos controles que garantizan su calidad con el paso del tiempo.<br>Sabemos que el mate, compa\u00f1ero de los argentinos desde antes del nacimiento de la patria, comparte diariamente actividades y trabajos, convocando a la reuni\u00f3n y la amistad.<br>Por ello creemos que nuestro producto junto con el nombre de su empresa, hacen el elemento publicitario perfecto, tanto por el uso del novedoso sistema como por la durabilidad de los materiales empleados, logrando de esta forma un impacto diario y constante.<br>Seguimos trabajando en el desarrollo de nuevos productos, mejorando constantemente, conservando la premisa\u00a0 de la m\u00e1s alta calidad en\u00a0 nuestros productos.<br>OYP SRL\u2026\u2026\u2026.SIEMPRE UN PASO ADELANTE<\/p><\/div>\n\n\n\n<div class=\"wp-block-uagb-image aligncenter uagb-block-2b7fcaa8 wp-block-uagb-image--layout-default wp-block-uagb-image--effect-static wp-block-uagb-image--align-center alignright\"><figure class=\"wp-block-uagb-image__figure\"><img decoding=\"async\" srcset=\"https:\/\/oypsrl.com.ar\/wp-content\/uploads\/2025\/02\/432773728_961218389109796_5732836263194738337_n-473x1024.jpg ,https:\/\/oypsrl.com.ar\/wp-content\/uploads\/2025\/02\/432773728_961218389109796_5732836263194738337_n.jpg 780w, https:\/\/oypsrl.com.ar\/wp-content\/uploads\/2025\/02\/432773728_961218389109796_5732836263194738337_n.jpg 360w\" sizes=\"auto, (max-width: 480px) 150px\" src=\"https:\/\/oypsrl.com.ar\/wp-content\/uploads\/2025\/02\/432773728_961218389109796_5732836263194738337_n-473x1024.jpg\" alt=\"\" class=\"uag-image-730\" width=\"316\" height=\"500\" title=\"432773728_961218389109796_5732836263194738337_n\" loading=\"lazy\" role=\"img\"\/><\/figure><\/div>\n<\/div><\/div>\n\n\n\n<div class=\"wp-block-uagb-container uagb-block-a8023e04 alignfull uagb-is-root-container\"><div class=\"uagb-container-inner-blocks-wrap\">\n<div class=\"wp-block-uagb-info-box uagb-block-51faea92 uagb-infobox__content-wrap  uagb-infobox-icon-above-title uagb-infobox-image-valign-top\"><div class=\"uagb-ifb-content\"><div class=\"uagb-ifb-title-wrap\"><h2 class=\"uagb-ifb-title\">Cont\u00e1ctanos Hoy<\/h2><\/div><p class=\"uagb-ifb-desc\">Si tienes preguntas o necesitas asesoramiento sobre nuestros productos, no dudes en comunicarte. Estamos aqu\u00ed para ayudarte.<\/p><div class=\"uagb-ifb-button-wrapper wp-block-button\"><a href=\"\/contact\/\" class=\"uagb-infobox-cta-link wp-block-button__link\" target=\"_self\" rel=\"noopener noreferrer\" onclick=\"return true;\"><span class=\"uagb-inline-editing\">cont\u00e1ctanos<\/span><\/a><\/div><\/div><\/div>\n<\/div><\/div>\n","protected":false},"excerpt":{"rendered":"<p>Nuestra Historia Calidad y Dise\u00f1o \u00danico Una visi\u00f3n innovadora y pasi\u00f3n por el dise\u00f1o, ha guiado a la empresa hacia [&hellip;]<\/p>\n","protected":false},"author":1,"featured_media":0,"parent":0,"menu_order":0,"comment_status":"closed","ping_status":"closed","template":"","meta":{"_uag_custom_page_level_css":"","site-sidebar-layout":"no-sidebar","site-content-layout":"","ast-site-content-layout":"normal-width-container","site-content-style":"default","site-sidebar-style":"default","ast-global-header-display":"","ast-banner-title-visibility":"disabled","ast-main-header-display":"","ast-hfb-above-header-display":"","ast-hfb-below-header-display":"","ast-hfb-mobile-header-display":"","site-post-title":"","ast-breadcrumbs-content":"","ast-featured-img":"","footer-sml-layout":"","theme-transparent-header-meta":"enabled","adv-header-id-meta":"","stick-header-meta":"","header-above-stick-meta":"","header-main-stick-meta":"","header-below-stick-meta":"","astra-migrate-meta-layouts":"default","ast-page-background-enabled":"default","ast-page-background-meta":{"desktop":{"background-color":"var(--ast-global-color-4)","background-image":"","background-repeat":"repeat","background-position":"center center","background-size":"auto","background-attachment":"scroll","background-type":"","background-media":"","overlay-type":"","overlay-color":"","overlay-opacity":"","overlay-gradient":""},"tablet":{"background-color":"","background-image":"","background-repeat":"repeat","background-position":"center center","background-size":"auto","background-attachment":"scroll","background-type":"","background-media":"","overlay-type":"","overlay-color":"","overlay-opacity":"","overlay-gradient":""},"mobile":{"background-color":"","background-image":"","background-repeat":"repeat","background-position":"center center","background-size":"auto","background-attachment":"scroll","background-type":"","background-media":"","overlay-type":"","overlay-color":"","overlay-opacity":"","overlay-gradient":""}},"ast-content-background-meta":{"desktop":{"background-color":"var(--ast-global-color-5)","background-image":"","background-repeat":"repeat","background-position":"center center","background-size":"auto","background-attachment":"scroll","background-type":"","background-media":"","overlay-type":"","overlay-color":"","overlay-opacity":"","overlay-gradient":""},"tablet":{"background-color":"var(--ast-global-color-5)","background-image":"","background-repeat":"repeat","background-position":"center center","background-size":"auto","background-attachment":"scroll","background-type":"","background-media":"","overlay-type":"","overlay-color":"","overlay-opacity":"","overlay-gradient":""},"mobile":{"background-color":"var(--ast-global-color-5)","background-image":"","background-repeat":"repeat","background-position":"center center","background-size":"auto","background-attachment":"scroll","background-type":"","background-media":"","overlay-type":"","overlay-color":"","overlay-opacity":"","overlay-gradient":""}},"footnotes":""},"class_list":["post-102","page","type-page","status-publish","hentry"],"uagb_featured_image_src":{"full":false,"thumbnail":false,"medium":false,"medium_large":false,"large":false,"1536x1536":false,"2048x2048":false},"uagb_author_info":{"display_name":"roldanwifi","author_link":"https:\/\/oypsrl.com.ar\/web\/author\/roldanwifi\/"},"uagb_comment_info":0,"uagb_excerpt":"Nuestra Historia Calidad y Dise\u00f1o \u00danico Una visi\u00f3n innovadora y pasi\u00f3n por el dise\u00f1o, ha guiado a la empresa hacia [&hellip;]","_links":{"self":[{"href":"https:\/\/oypsrl.com.ar\/web\/wp-json\/wp\/v2\/pages\/102","targetHints":{"allow":["GET"]}}],"collection":[{"href":"https:\/\/oypsrl.com.ar\/web\/wp-json\/wp\/v2\/pages"}],"about":[{"href":"https:\/\/oypsrl.com.ar\/web\/wp-json\/wp\/v2\/types\/page"}],"author":[{"embeddable":true,"href":"https:\/\/oypsrl.com.ar\/web\/wp-json\/wp\/v2\/users\/1"}],"replies":[{"embeddable":true,"href":"https:\/\/oypsrl.com.ar\/web\/wp-json\/wp\/v2\/comments?post=102"}],"version-history":[{"count":3,"href":"https:\/\/oypsrl.com.ar\/web\/wp-json\/wp\/v2\/pages\/102\/revisions"}],"predecessor-version":[{"id":766,"href":"https:\/\/oypsrl.com.ar\/web\/wp-json\/wp\/v2\/pages\/102\/revisions\/766"}],"wp:attachment":[{"href":"https:\/\/oypsrl.com.ar\/web\/wp-json\/wp\/v2\/media?parent=102"}],"curies":[{"name":"wp","href":"https:\/\/api.w.org\/{rel}","templated":true}]}}